{"id":2039,"date":"2016-06-11T14:25:44","date_gmt":"2016-06-11T14:25:44","guid":{"rendered":"http:\/\/demo.goodlayers.com\/infinite\/?page_id=2039"},"modified":"2025-04-28T12:47:45","modified_gmt":"2025-04-28T11:47:45","slug":"home","status":"publish","type":"page","link":"https:\/\/visitalis.com\/","title":{"rendered":"Home page Visitalis"},"content":{"rendered":"","protected":false},"excerpt":{"rendered":"","protected":false},"author":1,"featured_media":7927,"parent":0,"menu_order":0,"comment_status":"closed","ping_status":"closed","template":"","meta":{"_joinchat":[],"footnotes":""},"class_list":["post-2039","page","type-page","status-publish","has-post-thumbnail","hentry"],"yoast_head":"<!-- This site is optimized with the Yoast SEO Premium plugin v27.2 (Yoast SEO v27.3) - https:\/\/yoast.com\/product\/yoast-seo-premium-wordpress\/ -->\n<title>Excursions, activit\u00e9s et visites guid\u00e9es \u00e0 Marrakech | Visitalis<\/title>\n<meta name=\"description\" content=\"Que faire une fois \u00e0 Marrakech ? R\u00e9servez des activit\u00e9s, excursions, aventures et visites guid\u00e9es \u00e0 Marrakech.\" \/>\n<meta name=\"robots\" content=\"index, follow, max-snippet:-1, max-image-preview:large, max-video-preview:-1\" \/>\n<link rel=\"canonical\" href=\"https:\/\/visitalis.com\/\" \/>\n<meta property=\"og:locale\" content=\"fr_FR\" \/>\n<meta property=\"og:type\" content=\"article\" \/>\n<meta property=\"og:title\" content=\"Excursions, activit\u00e9s et visites guid\u00e9es \u00e0 Marrakech | Visitalis\" \/>\n<meta property=\"og:description\" content=\"Que faire une fois \u00e0 Marrakech ? R\u00e9servez des activit\u00e9s, excursions, aventures et visites guid\u00e9es \u00e0 Marrakech.\" \/>\n<meta property=\"og:url\" content=\"https:\/\/visitalis.com\/\" \/>\n<meta property=\"og:site_name\" content=\"Visitalis\" \/>\n<meta property=\"article:publisher\" content=\"https:\/\/web.facebook.com\/visitalis\/\" \/>\n<meta property=\"article:modified_time\" content=\"2025-04-28T11:47:45+00:00\" \/>\n<meta property=\"og:image\" content=\"https:\/\/visitalis.com\/wp-content\/uploads\/2022\/08\/Lets-make-some-good-memories-P2.png\" \/>\n\t<meta property=\"og:image:width\" content=\"1640\" \/>\n\t<meta property=\"og:image:height\" content=\"924\" \/>\n\t<meta property=\"og:image:type\" content=\"image\/png\" \/>\n<meta name=\"twitter:card\" content=\"summary_large_image\" \/>\n<meta name=\"twitter:title\" content=\"Home page Visitalis\" \/>\n<meta name=\"twitter:label1\" content=\"Dur\u00e9e de lecture estim\u00e9e\" \/>\n\t<meta name=\"twitter:data1\" content=\"10 minutes\" \/>\n<script type=\"application\/ld+json\" class=\"yoast-schema-graph\">{\"@context\":\"https:\\\/\\\/schema.org\",\"@graph\":[{\"@type\":\"WebPage\",\"@id\":\"https:\\\/\\\/visitalis.com\\\/\",\"url\":\"https:\\\/\\\/visitalis.com\\\/\",\"name\":\"Excursions, activit\u00e9s et visites guid\u00e9es \u00e0 Marrakech | Visitalis\",\"isPartOf\":{\"@id\":\"https:\\\/\\\/visitalis.com\\\/#website\"},\"primaryImageOfPage\":{\"@id\":\"https:\\\/\\\/visitalis.com\\\/#primaryimage\"},\"image\":{\"@id\":\"https:\\\/\\\/visitalis.com\\\/#primaryimage\"},\"thumbnailUrl\":\"https:\\\/\\\/visitalis.com\\\/wp-content\\\/uploads\\\/2022\\\/09\\\/Lets-make-some-good-memories-P2.png\",\"datePublished\":\"2016-06-11T14:25:44+00:00\",\"dateModified\":\"2025-04-28T11:47:45+00:00\",\"description\":\"Que faire une fois \u00e0 Marrakech ? R\u00e9servez des activit\u00e9s, excursions, aventures et visites guid\u00e9es \u00e0 Marrakech.\",\"breadcrumb\":{\"@id\":\"https:\\\/\\\/visitalis.com\\\/#breadcrumb\"},\"inLanguage\":\"fr-FR\",\"potentialAction\":[{\"@type\":\"ReadAction\",\"target\":[\"https:\\\/\\\/visitalis.com\\\/\"]}]},{\"@type\":\"ImageObject\",\"inLanguage\":\"fr-FR\",\"@id\":\"https:\\\/\\\/visitalis.com\\\/#primaryimage\",\"url\":\"https:\\\/\\\/visitalis.com\\\/wp-content\\\/uploads\\\/2022\\\/09\\\/Lets-make-some-good-memories-P2.png\",\"contentUrl\":\"https:\\\/\\\/visitalis.com\\\/wp-content\\\/uploads\\\/2022\\\/09\\\/Lets-make-some-good-memories-P2.png\",\"width\":1640,\"height\":924},{\"@type\":\"BreadcrumbList\",\"@id\":\"https:\\\/\\\/visitalis.com\\\/#breadcrumb\",\"itemListElement\":[{\"@type\":\"ListItem\",\"position\":1,\"name\":\"Accueil\",\"item\":\"https:\\\/\\\/visitalis.com\\\/\"},{\"@type\":\"ListItem\",\"position\":2,\"name\":\"Home page Visitalis\"}]},{\"@type\":\"WebSite\",\"@id\":\"https:\\\/\\\/visitalis.com\\\/#website\",\"url\":\"https:\\\/\\\/visitalis.com\\\/\",\"name\":\"Visitalis\",\"description\":\"Tourisme et attractions locales\",\"publisher\":{\"@id\":\"https:\\\/\\\/visitalis.com\\\/#organization\"},\"potentialAction\":[{\"@type\":\"SearchAction\",\"target\":{\"@type\":\"EntryPoint\",\"urlTemplate\":\"https:\\\/\\\/visitalis.com\\\/?s={search_term_string}\"},\"query-input\":{\"@type\":\"PropertyValueSpecification\",\"valueRequired\":true,\"valueName\":\"search_term_string\"}}],\"inLanguage\":\"fr-FR\"},{\"@type\":\"Organization\",\"@id\":\"https:\\\/\\\/visitalis.com\\\/#organization\",\"name\":\"Visitalis\",\"url\":\"https:\\\/\\\/visitalis.com\\\/\",\"logo\":{\"@type\":\"ImageObject\",\"inLanguage\":\"fr-FR\",\"@id\":\"https:\\\/\\\/visitalis.com\\\/#\\\/schema\\\/logo\\\/image\\\/\",\"url\":\"https:\\\/\\\/visitalis.com\\\/wp-content\\\/uploads\\\/2022\\\/08\\\/Visitalis-logo_DEF-e1663186813219.gif\",\"contentUrl\":\"https:\\\/\\\/visitalis.com\\\/wp-content\\\/uploads\\\/2022\\\/08\\\/Visitalis-logo_DEF-e1663186813219.gif\",\"width\":200,\"height\":62,\"caption\":\"Visitalis\"},\"image\":{\"@id\":\"https:\\\/\\\/visitalis.com\\\/#\\\/schema\\\/logo\\\/image\\\/\"},\"sameAs\":[\"https:\\\/\\\/web.facebook.com\\\/visitalis\\\/\"]}]}<\/script>\n<!-- \/ Yoast SEO Premium plugin. -->","yoast_head_json":{"title":"Excursions, activit\u00e9s et visites guid\u00e9es \u00e0 Marrakech | Visitalis","description":"Que faire une fois \u00e0 Marrakech ? R\u00e9servez des activit\u00e9s, excursions, aventures et visites guid\u00e9es \u00e0 Marrakech.","robots":{"index":"index","follow":"follow","max-snippet":"max-snippet:-1","max-image-preview":"max-image-preview:large","max-video-preview":"max-video-preview:-1"},"canonical":"https:\/\/visitalis.com\/","og_locale":"fr_FR","og_type":"article","og_title":"Excursions, activit\u00e9s et visites guid\u00e9es \u00e0 Marrakech | Visitalis","og_description":"Que faire une fois \u00e0 Marrakech ? R\u00e9servez des activit\u00e9s, excursions, aventures et visites guid\u00e9es \u00e0 Marrakech.","og_url":"https:\/\/visitalis.com\/","og_site_name":"Visitalis","article_publisher":"https:\/\/web.facebook.com\/visitalis\/","article_modified_time":"2025-04-28T11:47:45+00:00","og_image":[{"width":1640,"height":924,"url":"https:\/\/visitalis.com\/wp-content\/uploads\/2022\/08\/Lets-make-some-good-memories-P2.png","type":"image\/png"}],"twitter_card":"summary_large_image","twitter_title":"Home page Visitalis","twitter_misc":{"Dur\u00e9e de lecture estim\u00e9e":"10 minutes"},"schema":{"@context":"https:\/\/schema.org","@graph":[{"@type":"WebPage","@id":"https:\/\/visitalis.com\/","url":"https:\/\/visitalis.com\/","name":"Excursions, activit\u00e9s et visites guid\u00e9es \u00e0 Marrakech | Visitalis","isPartOf":{"@id":"https:\/\/visitalis.com\/#website"},"primaryImageOfPage":{"@id":"https:\/\/visitalis.com\/#primaryimage"},"image":{"@id":"https:\/\/visitalis.com\/#primaryimage"},"thumbnailUrl":"https:\/\/visitalis.com\/wp-content\/uploads\/2022\/09\/Lets-make-some-good-memories-P2.png","datePublished":"2016-06-11T14:25:44+00:00","dateModified":"2025-04-28T11:47:45+00:00","description":"Que faire une fois \u00e0 Marrakech ? R\u00e9servez des activit\u00e9s, excursions, aventures et visites guid\u00e9es \u00e0 Marrakech.","breadcrumb":{"@id":"https:\/\/visitalis.com\/#breadcrumb"},"inLanguage":"fr-FR","potentialAction":[{"@type":"ReadAction","target":["https:\/\/visitalis.com\/"]}]},{"@type":"ImageObject","inLanguage":"fr-FR","@id":"https:\/\/visitalis.com\/#primaryimage","url":"https:\/\/visitalis.com\/wp-content\/uploads\/2022\/09\/Lets-make-some-good-memories-P2.png","contentUrl":"https:\/\/visitalis.com\/wp-content\/uploads\/2022\/09\/Lets-make-some-good-memories-P2.png","width":1640,"height":924},{"@type":"BreadcrumbList","@id":"https:\/\/visitalis.com\/#breadcrumb","itemListElement":[{"@type":"ListItem","position":1,"name":"Accueil","item":"https:\/\/visitalis.com\/"},{"@type":"ListItem","position":2,"name":"Home page Visitalis"}]},{"@type":"WebSite","@id":"https:\/\/visitalis.com\/#website","url":"https:\/\/visitalis.com\/","name":"Visitalis","description":"Tourisme et attractions locales","publisher":{"@id":"https:\/\/visitalis.com\/#organization"},"potentialAction":[{"@type":"SearchAction","target":{"@type":"EntryPoint","urlTemplate":"https:\/\/visitalis.com\/?s={search_term_string}"},"query-input":{"@type":"PropertyValueSpecification","valueRequired":true,"valueName":"search_term_string"}}],"inLanguage":"fr-FR"},{"@type":"Organization","@id":"https:\/\/visitalis.com\/#organization","name":"Visitalis","url":"https:\/\/visitalis.com\/","logo":{"@type":"ImageObject","inLanguage":"fr-FR","@id":"https:\/\/visitalis.com\/#\/schema\/logo\/image\/","url":"https:\/\/visitalis.com\/wp-content\/uploads\/2022\/08\/Visitalis-logo_DEF-e1663186813219.gif","contentUrl":"https:\/\/visitalis.com\/wp-content\/uploads\/2022\/08\/Visitalis-logo_DEF-e1663186813219.gif","width":200,"height":62,"caption":"Visitalis"},"image":{"@id":"https:\/\/visitalis.com\/#\/schema\/logo\/image\/"},"sameAs":["https:\/\/web.facebook.com\/visitalis\/"]}]}},"lang":"fr","translations":{"fr":2039,"en":7062},"pll_sync_post":[],"_links":{"self":[{"href":"https:\/\/visitalis.com\/index.php\/wp-json\/wp\/v2\/pages\/2039","targetHints":{"allow":["GET"]}}],"collection":[{"href":"https:\/\/visitalis.com\/index.php\/wp-json\/wp\/v2\/pages"}],"about":[{"href":"https:\/\/visitalis.com\/index.php\/wp-json\/wp\/v2\/types\/page"}],"author":[{"embeddable":true,"href":"https:\/\/visitalis.com\/index.php\/wp-json\/wp\/v2\/users\/1"}],"replies":[{"embeddable":true,"href":"https:\/\/visitalis.com\/index.php\/wp-json\/wp\/v2\/comments?post=2039"}],"version-history":[{"count":6,"href":"https:\/\/visitalis.com\/index.php\/wp-json\/wp\/v2\/pages\/2039\/revisions"}],"predecessor-version":[{"id":11090,"href":"https:\/\/visitalis.com\/index.php\/wp-json\/wp\/v2\/pages\/2039\/revisions\/11090"}],"wp:featuredmedia":[{"embeddable":true,"href":"https:\/\/visitalis.com\/index.php\/wp-json\/wp\/v2\/media\/7927"}],"wp:attachment":[{"href":"https:\/\/visitalis.com\/index.php\/wp-json\/wp\/v2\/media?parent=2039"}],"curies":[{"name":"wp","href":"https:\/\/api.w.org\/{rel}","templated":true}]}}